{"id":756,"date":"2025-10-16T17:14:50","date_gmt":"2025-10-16T15:14:50","guid":{"rendered":"https:\/\/roof211.it\/infos-et-contacts\/"},"modified":"2025-12-16T10:25:09","modified_gmt":"2025-12-16T09:25:09","slug":"infos-et-contacts","status":"publish","type":"page","link":"https:\/\/www.roof211.it\/fr\/infos-et-contacts\/","title":{"rendered":"Infos et contacts"},"content":{"rendered":"\t\t<div data-elementor-type=\"wp-page\" data-elementor-id=\"756\" class=\"elementor elementor-756 elementor-413\" data-elementor-post-type=\"page\">\n\t\t\t\t<div class=\"elementor-element elementor-element-dbb0ba0 e-con-full e-flex e-con e-parent\" data-id=\"dbb0ba0\" data-element_type=\"container\">\n\t\t<div class=\"elementor-element elementor-element-1d4ff93 e-con-full e-flex e-con e-child\" data-id=\"1d4ff93\" data-element_type=\"container\" data-settings=\"{&quot;background_background&quot;:&quot;gradient&quot;,&quot;position&quot;:&quot;absolute&quot;}\">\n\t\t\t\t<div class=\"elementor-element elementor-element-796a717 elementor-invisible elementor-widget elementor-widget-text-editor\" data-id=\"796a717\" data-element_type=\"widget\" data-settings=\"{&quot;_animation&quot;:&quot;fadeInDown&quot;}\" data-widget_type=\"text-editor.default\">\n\t\t\t\t\t\t\t\t\t<p>Useful info<\/p>\t\t\t\t\t\t\t\t<\/div>\n\t\t\t\t<div class=\"elementor-element elementor-element-fec85d3 elementor-invisible elementor-widget elementor-widget-heading\" data-id=\"fec85d3\" data-element_type=\"widget\" data-settings=\"{&quot;_animation&quot;:&quot;fadeInUp&quot;,&quot;_animation_delay&quot;:300}\" data-widget_type=\"heading.default\">\n\t\t\t\t\t<h1 class=\"elementor-heading-title elementor-size-default\">informations<\/h1>\t\t\t\t<\/div>\n\t\t\t\t<div class=\"elementor-element elementor-element-29f6bb5 elementor-invisible elementor-widget elementor-widget-text-editor\" data-id=\"29f6bb5\" data-element_type=\"widget\" data-settings=\"{&quot;_animation&quot;:&quot;fadeInUp&quot;,&quot;_animation_delay&quot;:800}\" data-widget_type=\"text-editor.default\">\n\t\t\t\t\t\t\t\t\t<p>comment arriver et contacts<\/p>\t\t\t\t\t\t\t\t<\/div>\n\t\t\t\t<div class=\"elementor-element elementor-element-d536560 elementor-widget__width-initial elementor-widget elementor-widget-spacer\" data-id=\"d536560\" data-element_type=\"widget\" data-widget_type=\"spacer.default\">\n\t\t\t\t\t\t\t<div class=\"elementor-spacer\">\n\t\t\t<div class=\"elementor-spacer-inner\"><\/div>\n\t\t<\/div>\n\t\t\t\t\t\t<\/div>\n\t\t\t\t<\/div>\n\t\t\t\t<div class=\"elementor-element elementor-element-2d9cd5a elementor--v-position-bottom elementor--h-position-center elementor-arrows-position-inside elementor-widget elementor-widget-slides\" data-id=\"2d9cd5a\" data-element_type=\"widget\" data-settings=\"{&quot;navigation&quot;:&quot;arrows&quot;,&quot;transition&quot;:&quot;fade&quot;,&quot;autoplay&quot;:&quot;yes&quot;,&quot;pause_on_hover&quot;:&quot;yes&quot;,&quot;pause_on_interaction&quot;:&quot;yes&quot;,&quot;autoplay_speed&quot;:5000,&quot;infinite&quot;:&quot;yes&quot;,&quot;transition_speed&quot;:500}\" data-widget_type=\"slides.default\">\n\t\t\t\t\t\t\t\t\t\t<div class=\"elementor-slides-wrapper elementor-main-swiper swiper\" role=\"region\" aria-roledescription=\"carousel\" aria-label=\"Slides\" dir=\"ltr\" data-animation=\"\">\n\t\t\t\t<div class=\"swiper-wrapper elementor-slides\">\n\t\t\t\t\t\t\t\t\t\t<div class=\"elementor-repeater-item-9b4b553 swiper-slide\" role=\"group\" aria-roledescription=\"slide\"><div class=\"swiper-slide-bg\" role=\"img\" aria-label=\"Roof 211\"><\/div><div class=\"swiper-slide-inner\" ><div class=\"swiper-slide-contents\"><\/div><\/div><\/div>\t\t\t\t<\/div>\n\t\t\t\t\t\t\t<\/div>\n\t\t\t\t\t\t\t\t<\/div>\n\t\t\t\t<\/div>\n\t\t<div class=\"elementor-element elementor-element-1018e5da e-con-full e-flex e-con e-parent\" data-id=\"1018e5da\" data-element_type=\"container\" id=\"fascia-booking\" data-settings=\"{&quot;background_background&quot;:&quot;classic&quot;}\">\n\t\t\t\t<div class=\"elementor-element elementor-element-2d2912dd disable-sanitize elementor-widget elementor-widget-jet-listing-dynamic-field\" data-id=\"2d2912dd\" data-element_type=\"widget\" data-widget_type=\"jet-listing-dynamic-field.default\">\n\t\t\t\t\t<div class=\"jet-listing jet-listing-dynamic-field display-inline\"><div class=\"jet-listing-dynamic-field__inline-wrap\"><div class=\"jet-listing-dynamic-field__content\" ><div\r\n  id=\"lodgify-search-bar\"\r\n  data-website-id=\"623488\"\r\n  data-language-code=\"fr\"\r\n  data-checkout-page-url='https:\/\/checkout.lodgify.com\/gianluca-davanzo\/it\/#\/739086'\r\n  \r\n  data-dates-check-in-label='Check-in'\r\n  data-dates-check-out-label='Check-out'\r\n  data-guests-counter-label='Invit\u00e9s'\r\n  data-guests-input-singular-label='{{NumberOfGuests}} invit\u00e9'\r\n  data-guests-input-plural-label='{{NumberOfGuests}} invit\u00e9s'\r\n  data-location-input-label='Localit\u00e9'\r\n  data-search-button-label='Chercher'\r\n  data-dates-input-min-stay-tooltip-text='{\"one\":\"Min. {minStay} nuit\",\"other\":\"Min. {minStay} nuits\"}'\r\n  data-guests-breakdown-label='Invit\u00e9s'\r\n  data-adults-label='{\"one\":\"adulte\",\"other\":\"adultes\"}'\r\n  data-adults-description='\u00c2ge {minAge} ou sup\u00e9rieur'\r\n  data-children-label='{\"one\":\"enfant\",\"other\":\"enfants\"}'\r\n  data-children-description='\u00c2ge {minAge} - {maxAge}'\r\n  data-children-not-allowed-label='Ne convient pas aux enfants'\r\n  data-infants-label='{\"one\":\"nouveau-n\u00e9\",\"other\":\"nouveau-n\u00e9s\"}'\r\n  data-infants-description='Moins de {maxAge}'\r\n  data-infants-not-allowed-label='Ne convient pas aux nouveau-n\u00e9s'\r\n  data-pets-label='{\"one\":\"animal domestique\",\"other\":\"animaux domestiques\"}'\r\n  data-pets-not-allowed-label='Non autoris\u00e9'\r\n  data-done-label='Fait'\r\n  \r\n  data-new-tab=\"true\"\r\n  data-version=\"stable\"\r\n  data-has-guests-breakdown\r\n  \r\n><\/div>\r\n\r\n<script src=\"https:\/\/app.lodgify.com\/portable-search-bar\/stable\/renderPortableSearchBar.js\" defer><\/script><\/div><\/div><\/div>\t\t\t\t<\/div>\n\t\t\t\t<\/div>\n\t\t<div class=\"elementor-element elementor-element-9cc642a e-flex e-con-boxed e-con e-parent\" data-id=\"9cc642a\" data-element_type=\"container\">\n\t\t\t\t\t<div class=\"e-con-inner\">\n\t\t\t\t<div class=\"elementor-element elementor-element-5beea04 elementor-widget__width-initial elementor-widget elementor-widget-spacer\" data-id=\"5beea04\" data-element_type=\"widget\" data-widget_type=\"spacer.default\">\n\t\t\t\t\t\t\t<div class=\"elementor-spacer\">\n\t\t\t<div class=\"elementor-spacer-inner\"><\/div>\n\t\t<\/div>\n\t\t\t\t\t\t<\/div>\n\t\t\t\t\t<\/div>\n\t\t\t\t<\/div>\n\t\t<div class=\"elementor-element elementor-element-e9e7a54 e-flex e-con-boxed e-con e-parent\" data-id=\"e9e7a54\" data-element_type=\"container\">\n\t\t\t\t\t<div class=\"e-con-inner\">\n\t\t\t\t<div class=\"elementor-element elementor-element-c044c47 elementor-invisible elementor-widget elementor-widget-text-editor\" data-id=\"c044c47\" data-element_type=\"widget\" data-settings=\"{&quot;_animation&quot;:&quot;fadeInDown&quot;}\" data-widget_type=\"text-editor.default\">\n\t\t\t\t\t\t\t\t\t<p>La Spezia<\/p>\t\t\t\t\t\t\t\t<\/div>\n\t\t\t\t<div class=\"elementor-element elementor-element-d9a9e5e elementor-invisible elementor-widget elementor-widget-heading\" data-id=\"d9a9e5e\" data-element_type=\"widget\" data-settings=\"{&quot;_animation&quot;:&quot;fadeInUp&quot;,&quot;_animation_delay&quot;:300}\" data-widget_type=\"heading.default\">\n\t\t\t\t\t<h2 class=\"elementor-heading-title elementor-size-default\">O\u00f9 nous trouver<\/h2>\t\t\t\t<\/div>\n\t\t\t\t<div class=\"elementor-element elementor-element-a8ffeb6 elementor-invisible elementor-widget elementor-widget-image\" data-id=\"a8ffeb6\" data-element_type=\"widget\" data-settings=\"{&quot;_animation&quot;:&quot;fadeIn&quot;,&quot;_animation_delay&quot;:400}\" data-widget_type=\"image.default\">\n\t\t\t\t\t\t\t\t\t\t\t\t\t\t\t<img decoding=\"async\" width=\"69\" height=\"16\" src=\"https:\/\/www.roof211.it\/wp-content\/uploads\/2025\/10\/loghetto.png\" class=\"attachment-large size-large wp-image-645\" alt=\"\" \/>\t\t\t\t\t\t\t\t\t\t\t\t\t\t\t<\/div>\n\t\t\t\t<div class=\"elementor-element elementor-element-a4d81da elementor-invisible elementor-widget elementor-widget-text-editor\" data-id=\"a4d81da\" data-element_type=\"widget\" data-settings=\"{&quot;_animation&quot;:&quot;fadeIn&quot;,&quot;_animation_delay&quot;:600}\" data-widget_type=\"text-editor.default\">\n\t\t\t\t\t\t\t\t\t<p>Via XX Settembre 211, La Spezia<\/p>\t\t\t\t\t\t\t\t<\/div>\n\t\t\t\t<div class=\"elementor-element elementor-element-2b6b667 elementor-widget elementor-widget-google_maps\" data-id=\"2b6b667\" data-element_type=\"widget\" data-widget_type=\"google_maps.default\">\n\t\t\t\t\t\t\t<div class=\"elementor-custom-embed\">\n\t\t\t<iframe loading=\"lazy\"\n\t\t\t\t\tsrc=\"https:\/\/maps.google.com\/maps?q=Via%20XX%20Settembre%20211%2C%20La%20Spezia&#038;t=m&#038;z=13&#038;output=embed&#038;iwloc=near\"\n\t\t\t\t\ttitle=\"Via XX Settembre 211, La Spezia\"\n\t\t\t\t\taria-label=\"Via XX Settembre 211, La Spezia\"\n\t\t\t><\/iframe>\n\t\t<\/div>\n\t\t\t\t\t\t<\/div>\n\t\t\t\t\t<\/div>\n\t\t\t\t<\/div>\n\t\t<div class=\"elementor-element elementor-element-497d664 e-con-full e-flex e-con e-parent\" data-id=\"497d664\" data-element_type=\"container\" data-settings=\"{&quot;background_background&quot;:&quot;classic&quot;}\">\n\t\t<div class=\"elementor-element elementor-element-fc2b672 e-con-full e-flex e-con e-child\" data-id=\"fc2b672\" data-element_type=\"container\" id=\"contatti\">\n\t\t\t\t<div class=\"elementor-element elementor-element-1a37036 elementor-invisible elementor-widget elementor-widget-text-editor\" data-id=\"1a37036\" data-element_type=\"widget\" data-settings=\"{&quot;_animation&quot;:&quot;fadeInDown&quot;}\" data-widget_type=\"text-editor.default\">\n\t\t\t\t\t\t\t\t\t<p>Contact us<\/p>\t\t\t\t\t\t\t\t<\/div>\n\t\t\t\t<div class=\"elementor-element elementor-element-2acb5f9 elementor-invisible elementor-widget elementor-widget-heading\" data-id=\"2acb5f9\" data-element_type=\"widget\" data-settings=\"{&quot;_animation&quot;:&quot;fadeInUp&quot;,&quot;_animation_delay&quot;:300}\" data-widget_type=\"heading.default\">\n\t\t\t\t\t<h2 class=\"elementor-heading-title elementor-size-default\">demander la disponibilit\u00e9<\/h2>\t\t\t\t<\/div>\n\t\t\t\t<div class=\"elementor-element elementor-element-af9c753 elementor-invisible elementor-widget elementor-widget-image\" data-id=\"af9c753\" data-element_type=\"widget\" data-settings=\"{&quot;_animation&quot;:&quot;fadeIn&quot;,&quot;_animation_delay&quot;:400}\" data-widget_type=\"image.default\">\n\t\t\t\t\t\t\t\t\t\t\t\t\t\t\t<img decoding=\"async\" width=\"69\" height=\"16\" src=\"https:\/\/www.roof211.it\/wp-content\/uploads\/2025\/10\/loghetto.png\" class=\"attachment-large size-large wp-image-645\" alt=\"\" \/>\t\t\t\t\t\t\t\t\t\t\t\t\t\t\t<\/div>\n\t\t\t\t<div class=\"elementor-element elementor-element-97ff162 elementor-invisible elementor-widget elementor-widget-text-editor\" data-id=\"97ff162\" data-element_type=\"widget\" data-settings=\"{&quot;_animation&quot;:&quot;fadeIn&quot;,&quot;_animation_delay&quot;:600}\" data-widget_type=\"text-editor.default\">\n\t\t\t\t\t\t\t\t\t<p>V\u00e9rifiez la disponibilit\u00e9 de l&rsquo;appartement ou contactez-nous pour plus d&rsquo;informations, nous serons heureux de vous r\u00e9pondre et de trouver avec vous la solution id\u00e9ale pour votre s\u00e9jour \u00e0 La Spezia.<\/p>\t\t\t\t\t\t\t\t<\/div>\n\t\t\t\t<div class=\"elementor-element elementor-element-da9cc5b elementor-button-align-end elementor-widget elementor-widget-form\" data-id=\"da9cc5b\" data-element_type=\"widget\" data-settings=\"{&quot;button_width&quot;:&quot;30&quot;,&quot;step_next_label&quot;:&quot;Suivant&quot;,&quot;step_previous_label&quot;:&quot;Pr\\u00e9c\\u00e9dent&quot;,&quot;step_type&quot;:&quot;number_text&quot;,&quot;step_icon_shape&quot;:&quot;circle&quot;}\" data-widget_type=\"form.default\">\n\t\t\t\t\t\t\t<form class=\"elementor-form\" method=\"post\" name=\"New form\" aria-label=\"New form\">\n\t\t\t<input type=\"hidden\" name=\"post_id\" value=\"756\"\/>\n\t\t\t<input type=\"hidden\" name=\"form_id\" value=\"da9cc5b\"\/>\n\t\t\t<input type=\"hidden\" name=\"referer_title\" value=\"\" \/>\n\n\t\t\t\n\t\t\t<div class=\"elementor-form-fields-wrapper elementor-labels-above\">\n\t\t\t\t\t\t\t\t<div class=\"elementor-field-type-text elementor-field-group elementor-column elementor-field-group-name elementor-col-50\">\n\t\t\t\t\t\t\t\t\t\t\t\t<label for=\"form-field-name\" class=\"elementor-field-label\">\n\t\t\t\t\t\t\t\tNom\t\t\t\t\t\t\t<\/label>\n\t\t\t\t\t\t\t\t\t\t\t\t\t\t<input size=\"1\" type=\"text\" name=\"form_fields[name]\" id=\"form-field-name\" class=\"elementor-field elementor-size-sm  elementor-field-textual\" placeholder=\"Nom\">\n\t\t\t\t\t\t\t\t\t\t\t<\/div>\n\t\t\t\t\t\t\t\t<div class=\"elementor-field-type-email elementor-field-group elementor-column elementor-field-group-email elementor-col-50 elementor-field-required\">\n\t\t\t\t\t\t\t\t\t\t\t\t<label for=\"form-field-email\" class=\"elementor-field-label\">\n\t\t\t\t\t\t\t\tE-mail\t\t\t\t\t\t\t<\/label>\n\t\t\t\t\t\t\t\t\t\t\t\t\t\t<input size=\"1\" type=\"email\" name=\"form_fields[email]\" id=\"form-field-email\" class=\"elementor-field elementor-size-sm  elementor-field-textual\" placeholder=\"Email\" required=\"required\">\n\t\t\t\t\t\t\t\t\t\t\t<\/div>\n\t\t\t\t\t\t\t\t<div class=\"elementor-field-type-tel elementor-field-group elementor-column elementor-field-group-field_05ef96b elementor-col-100 elementor-field-required\">\n\t\t\t\t\t\t\t\t\t\t\t\t<label for=\"form-field-field_05ef96b\" class=\"elementor-field-label\">\n\t\t\t\t\t\t\t\tN\u00b0 T\u00e9l\u00e9phone\t\t\t\t\t\t\t<\/label>\n\t\t\t\t\t\t\t\t<input size=\"1\" type=\"tel\" name=\"form_fields[field_05ef96b]\" id=\"form-field-field_05ef96b\" class=\"elementor-field elementor-size-sm  elementor-field-textual\" placeholder=\"Telefono\" required=\"required\" pattern=\"[0-9()#&amp;+*-=.]+\" title=\"Seuls les caract\u00e8res de num\u00e9ros de t\u00e9l\u00e9phone (#, -, *, etc.) sont accept\u00e9s.\">\n\n\t\t\t\t\t\t<\/div>\n\t\t\t\t\t\t\t\t<div class=\"elementor-field-type-date elementor-field-group elementor-column elementor-field-group-field_af2476c elementor-col-50 elementor-field-required\">\n\t\t\t\t\t\t\t\t\t\t\t\t<label for=\"form-field-field_af2476c\" class=\"elementor-field-label\">\n\t\t\t\t\t\t\t\tDate d'arriv\u00e9e\t\t\t\t\t\t\t<\/label>\n\t\t\t\t\t\t\n\t\t<input type=\"date\" name=\"form_fields[field_af2476c]\" id=\"form-field-field_af2476c\" class=\"elementor-field elementor-size-sm  elementor-field-textual elementor-date-field\" placeholder=\"Arriv\u00e9e\" required=\"required\" pattern=\"[0-9]{4}-[0-9]{2}-[0-9]{2}\">\n\t\t\t\t\t\t<\/div>\n\t\t\t\t\t\t\t\t<div class=\"elementor-field-type-date elementor-field-group elementor-column elementor-field-group-field_0b1bcb4 elementor-col-50 elementor-field-required\">\n\t\t\t\t\t\t\t\t\t\t\t\t<label for=\"form-field-field_0b1bcb4\" class=\"elementor-field-label\">\n\t\t\t\t\t\t\t\tDate de d\u00e9part\t\t\t\t\t\t\t<\/label>\n\t\t\t\t\t\t\n\t\t<input type=\"date\" name=\"form_fields[field_0b1bcb4]\" id=\"form-field-field_0b1bcb4\" class=\"elementor-field elementor-size-sm  elementor-field-textual elementor-date-field\" placeholder=\"D\u00e9part\" required=\"required\" pattern=\"[0-9]{4}-[0-9]{2}-[0-9]{2}\">\n\t\t\t\t\t\t<\/div>\n\t\t\t\t\t\t\t\t<div class=\"elementor-field-type-textarea elementor-field-group elementor-column elementor-field-group-message elementor-col-100\">\n\t\t\t\t\t\t\t\t\t\t\t\t<label for=\"form-field-message\" class=\"elementor-field-label\">\n\t\t\t\t\t\t\t\tMessage\t\t\t\t\t\t\t<\/label>\n\t\t\t\t\t\t<textarea class=\"elementor-field-textual elementor-field  elementor-size-sm\" name=\"form_fields[message]\" id=\"form-field-message\" rows=\"4\" placeholder=\"Message\"><\/textarea>\t\t\t\t<\/div>\n\t\t\t\t\t\t\t\t<div class=\"elementor-field-type-acceptance elementor-field-group elementor-column elementor-field-group-field_71481a8 elementor-col-70\">\n\t\t\t\t\t\t\t<div class=\"elementor-field-subgroup\">\n\t\t\t<span class=\"elementor-field-option\">\n\t\t\t\t<input type=\"checkbox\" name=\"form_fields[field_71481a8]\" id=\"form-field-field_71481a8\" class=\"elementor-field elementor-size-sm  elementor-acceptance-field\">\n\t\t\t\t<label for=\"form-field-field_71481a8\">J'autorise le traitement de mes donn\u00e9es personnelles (<a href=\"https:\/\/www.iubenda.com\/privacy-policy\/36228333\" target=\"_blank\" rel=\"nofollow noopener\">Lire la politique de confidentialit\u00e9<\/a>)<\/label>\t\t\t<\/span>\n\t\t<\/div>\n\t\t\t\t\t\t<\/div>\n\t\t\t\t\t\t\t\t<div class=\"elementor-field-group elementor-column elementor-field-type-submit elementor-col-30 e-form__buttons\">\n\t\t\t\t\t<button class=\"elementor-button elementor-size-sm\" type=\"submit\">\n\t\t\t\t\t\t<span class=\"elementor-button-content-wrapper\">\n\t\t\t\t\t\t\t\t\t\t\t\t\t\t\t\t\t\t\t\t\t\t<span class=\"elementor-button-text\">Envoyer<\/span>\n\t\t\t\t\t\t\t\t\t\t\t\t\t<\/span>\n\t\t\t\t\t<\/button>\n\t\t\t\t<\/div>\n\t\t\t<\/div>\n\t\t<\/form>\n\t\t\t\t\t\t<\/div>\n\t\t\t\t<\/div>\n\t\t\t\t<\/div>\n\t\t\t\t<\/div>\n\t\t","protected":false},"excerpt":{"rendered":"<p>Useful info informations comment arriver et contacts La Spezia O\u00f9 nous trouver Via XX Settembre 211, La Spezia Contact us demander la disponibilit\u00e9 V\u00e9rifiez la disponibilit\u00e9 de l&rsquo;appartement ou contactez-nous pour plus d&rsquo;informations, nous serons heureux de vous r\u00e9pondre et de trouver avec vous la solution id\u00e9ale pour votre s\u00e9jour \u00e0 La Spezia.<\/p>\n","protected":false},"author":1,"featured_media":660,"parent":0,"menu_order":0,"comment_status":"closed","ping_status":"closed","template":"","meta":{"footnotes":""},"class_list":["post-756","page","type-page","status-publish","has-post-thumbnail","hentry"],"_links":{"self":[{"href":"https:\/\/www.roof211.it\/fr\/wp-json\/wp\/v2\/pages\/756","targetHints":{"allow":["GET"]}}],"collection":[{"href":"https:\/\/www.roof211.it\/fr\/wp-json\/wp\/v2\/pages"}],"about":[{"href":"https:\/\/www.roof211.it\/fr\/wp-json\/wp\/v2\/types\/page"}],"author":[{"embeddable":true,"href":"https:\/\/www.roof211.it\/fr\/wp-json\/wp\/v2\/users\/1"}],"replies":[{"embeddable":true,"href":"https:\/\/www.roof211.it\/fr\/wp-json\/wp\/v2\/comments?post=756"}],"version-history":[{"count":5,"href":"https:\/\/www.roof211.it\/fr\/wp-json\/wp\/v2\/pages\/756\/revisions"}],"predecessor-version":[{"id":972,"href":"https:\/\/www.roof211.it\/fr\/wp-json\/wp\/v2\/pages\/756\/revisions\/972"}],"wp:featuredmedia":[{"embeddable":true,"href":"https:\/\/www.roof211.it\/fr\/wp-json\/wp\/v2\/media\/660"}],"wp:attachment":[{"href":"https:\/\/www.roof211.it\/fr\/wp-json\/wp\/v2\/media?parent=756"}],"curies":[{"name":"wp","href":"https:\/\/api.w.org\/{rel}","templated":true}]}}